{"id":1534,"date":"2023-04-06T22:48:03","date_gmt":"2023-04-06T22:48:03","guid":{"rendered":"https:\/\/test.gaero.mx\/?page_id=1534"},"modified":"2024-10-14T15:20:49","modified_gmt":"2024-10-14T15:20:49","slug":"ap","status":"publish","type":"page","link":"https:\/\/gaero.mx\/es\/index.php\/ap\/","title":{"rendered":"Aviso de Privacidad"},"content":{"rendered":"\t\t<div data-elementor-type=\"wp-page\" data-elementor-id=\"1534\" class=\"elementor elementor-1534\">\n\t\t\t\t\t\t<section class=\"elementor-section elementor-top-section elementor-element elementor-element-6c30e5f elementor-section-height-min-height elementor-section-boxed elementor-section-height-default elementor-section-items-middle wpr-particle-no wpr-jarallax-no wpr-parallax-no wpr-sticky-section-no\" data-id=\"6c30e5f\" data-element_type=\"section\" data-settings=\"{&quot;background_background&quot;:&quot;classic&quot;,&quot;shape_divider_bottom&quot;:&quot;tilt&quot;}\">\n\t\t\t\t\t\t\t<div class=\"elementor-background-overlay\"><\/div>\n\t\t\t\t\t\t<div class=\"elementor-shape elementor-shape-bottom\" aria-hidden=\"true\" data-negative=\"false\">\n\t\t\t<svg xmlns=\"http:\/\/www.w3.org\/2000\/svg\" viewBox=\"0 0 1000 100\" preserveAspectRatio=\"none\">\n\t<path class=\"elementor-shape-fill\" d=\"M0,6V0h1000v100L0,6z\"\/>\n<\/svg>\t\t<\/div>\n\t\t\t\t\t<div class=\"elementor-container elementor-column-gap-default\">\n\t\t\t\t\t<div class=\"elementor-column elementor-col-100 elementor-top-column elementor-element elementor-element-6c1d3e6\" data-id=\"6c1d3e6\" data-element_type=\"column\">\n\t\t\t<div class=\"elementor-widget-wrap\">\n\t\t\t\t\t\t\t<\/div>\n\t\t<\/div>\n\t\t\t\t\t<\/div>\n\t\t<\/section>\n\t\t\t\t<section class=\"elementor-section elementor-top-section elementor-element elementor-element-081394f elementor-section-boxed elementor-section-height-default elementor-section-height-default wpr-particle-no wpr-jarallax-no wpr-parallax-no wpr-sticky-section-no\" data-id=\"081394f\" data-element_type=\"section\">\n\t\t\t\t\t\t<div class=\"elementor-container elementor-column-gap-default\">\n\t\t\t\t\t<div class=\"elementor-column elementor-col-100 elementor-top-column elementor-element elementor-element-e179855\" data-id=\"e179855\" data-element_type=\"column\">\n\t\t\t<div class=\"elementor-widget-wrap elementor-element-populated\">\n\t\t\t\t\t\t<div class=\"elementor-element elementor-element-1f1ed9e elementor-invisible elementor-widget elementor-widget-heading\" data-id=\"1f1ed9e\" data-element_type=\"widget\" data-settings=\"{&quot;_animation&quot;:&quot;fadeInDown&quot;}\" data-widget_type=\"heading.default\">\n\t\t\t\t<div class=\"elementor-widget-container\">\n\t\t\t\t\t<h2 class=\"elementor-heading-title elementor-size-default\">AVISO DE PRIVACIDAD<\/h2>\t\t\t\t<\/div>\n\t\t\t\t<\/div>\n\t\t\t\t\t<\/div>\n\t\t<\/div>\n\t\t\t\t\t<\/div>\n\t\t<\/section>\n\t\t\t\t<section class=\"elementor-section elementor-top-section elementor-element elementor-element-63429f0 elementor-section-boxed elementor-section-height-default elementor-section-height-default wpr-particle-no wpr-jarallax-no wpr-parallax-no wpr-sticky-section-no\" data-id=\"63429f0\" data-element_type=\"section\">\n\t\t\t\t\t\t<div class=\"elementor-container elementor-column-gap-default\">\n\t\t\t\t\t<div class=\"elementor-column elementor-col-100 elementor-top-column elementor-element elementor-element-931fb66\" data-id=\"931fb66\" data-element_type=\"column\">\n\t\t\t<div class=\"elementor-widget-wrap elementor-element-populated\">\n\t\t\t\t\t\t<div class=\"elementor-element elementor-element-8facdcd elementor-invisible elementor-widget elementor-widget-text-editor\" data-id=\"8facdcd\" data-element_type=\"widget\" data-settings=\"{&quot;_animation&quot;:&quot;slideInUp&quot;}\" data-widget_type=\"text-editor.default\">\n\t\t\t\t<div class=\"elementor-widget-container\">\n\t\t\t\t\t\t\t\t\t<p>En cumplimiento a lo previsto en la Ley Federal de Protecci\u00f3n de Datos Personales en Posesi\u00f3n de los Particulares, nos permitimos informarle que en el sitio Web (www.gaero.mx)\u00a0 as\u00ed como en las cuentas personales que tiene Gold Aeron\u00e1utica, SA de CV en las redes sociales denominadas \u201cFacebook\u201d, \u201cTwitter\u201d, con domicilio en Calle 31 Sur 918 Col. La Paz, C.P. 72160, Puebla, Pue., nos comprometemos a proteger su privacidad. Este Aviso de Privacidad detalla la informaci\u00f3n que como cliente, proveedor y trabajador\u00a0 nos proporciona, c\u00f3mo la recabamos, lo que hacemos con ella y c\u00f3mo la protegemos.<\/p><p>Forma de contacto. Puede contactarnos redactando un correo electr\u00f3nico: feed@gaero.mx o por escrito a la siguiente direcci\u00f3n: Calle 31 Sur # 918, Col. La Paz, Puebla, Pue. C.P. 72160 Atenci\u00f3n \u2013 Protecci\u00f3n de Datos Personales.<\/p><p>\u00bfCon qu\u00e9 fines recabamos y utilizamos tus datos personales?<\/p><p>Gold Aeron\u00e1utica, SA de CV est\u00e1 constantemente preocupado, por elevar la calidad en sus relaciones laborales y contractuales es responsable del manejo de datos personales proporcionados por sus trabajadores, clientes y proveedores, as\u00ed como el uso que se les d\u00e9 a los mismos, quien en ejercicio de este aviso entre otras cosas, manejar, compartir, almacenar, transferir y poner a disposici\u00f3n de autoridades o terceros dichos datos.<\/p><p>As\u00ed mismo los datos recabados ser\u00e1n utilizados \u00fanica y exclusivamente, para la elaboraci\u00f3n de comprobantes fiscales, elaboraci\u00f3n de Contrato de Trabajo, para proveer los servicios solicitados, para efectuar transferencias, y as\u00ed mismo esta informaci\u00f3n sea enviada por e-mail. En caso de que no desee que sus datos personales sean tratados para estos fines puede limitar su uso enviando su solicitud a la direcci\u00f3n de correo electr\u00f3nico: feed@gaero.mx o por escrito a la siguiente direcci\u00f3n: Calle 31 Sur # 918, Col. La Paz, Puebla, Pue. C.P. 72160 Atenci\u00f3n \u2013 Protecci\u00f3n de Datos Personales.<\/p><p>Datos personales recabados y medios de obtenci\u00f3n de los mismos.<\/p><p>Los datos personales recabados con los fines previstos en el presente Aviso de Privacidad son obtenidos a trav\u00e9s de los siguientes canales:<\/p><p>1) P\u00e1gina Web de Gold Aeron\u00e1utica www.gaero.mx<\/p><p>2) P\u00e1gina de Gold Aeron\u00e1utica en la Red Social denominada Facebook.<\/p><p>3) Cuenta de Gold Aeron\u00e1utica en la Red Social denominada Twitter.<\/p><p>Informaci\u00f3n que se recolecta Para llevar a cabo las finalidades descritas en el presente Aviso de Privacidad utilizaremos los siguientes datos personales:<\/p><p>En el caso de nuestros trabajadores:<\/p><p>\u2022 Nombre completo, Estado Civil, E-mail (Correo Electr\u00f3nico), Fecha de nacimiento (Acta de Nacimiento), Lugar de nacimiento, Edad, Nacionalidad, Domicilio (comprobante de domicilio recibos de luz, tel\u00e9fono o predial), Tel\u00e9fono particular, Tel\u00e9fono celular, Firma aut\u00f3grafa, Fotograf\u00eda, Cedula profesional, Certificado y constancias de estudios, certificados o constancias de dominio de idiomas, Cursos de capacitaci\u00f3n, Referencias laborales, Cuenta bancaria, Referencias Personales, Datos de contactos en caso de emergencia, Constancia de empleos anteriores, Cartas de recomendaci\u00f3n, Estado de residencia, Registro Federal de Contribuyentes (RFC), Clave \u00danica de Registro de Poblaci\u00f3n (CURP), Numero de seguridad Social, Escolaridad, Licencia Federal AFAC, Licencia ante FAA, pasaporte, visa, certificado m\u00e9dico de aviaci\u00f3n, Licencia de conducir, constancias laborales, cartas de recomendaci\u00f3n.<\/p><p>Datos de nuestros clientes:<\/p><p>Nombre o raz\u00f3n social de la empresa; Registro Federal de Contribuyentes; Domicilio fiscal; Correo electr\u00f3nico, Contactos.<\/p><p>Datos de nuestros proveedores:<\/p><p>Nombre o raz\u00f3n social; Registro Federal de Contribuyentes; Clabe interbancaria; N\u00famero de cuenta; Correo electr\u00f3nico, Contactos.<\/p><p>Datos personales sensibles.<\/p><p>Le informamos que para cumplir con las finalidades previstas en el presente aviso de privacidad, adem\u00e1s de los datos personales mencionados anteriormente, pueden ser recabados y tratados datos personales sensibles, tales como: condici\u00f3n f\u00edsica, estado de salud, discapacidad y documentos m\u00e9dicos, informaci\u00f3n bancaria, los cuales requieren especial protecci\u00f3n. Nos comprometemos a que los mismos ser\u00e1n tratados bajo las m\u00e1s estrictas medidas de seguridad que garanticen su confidencialidad.<\/p><p>Limitaci\u00f3n al uso de tus datos personales.<\/p><p>Usted puede limitar el uso de sus datos personales, enviando su solicitud a la direcci\u00f3n de correo electr\u00f3nico: feed@gaero.mx o por escrito a la siguiente direcci\u00f3n: Calle 31 Sur # 918, Col. La Paz, Puebla, Pue. C.P. 72160 Atenci\u00f3n \u2013 Protecci\u00f3n de Datos Personales.<\/p><p>Transferencia de datos personales.<\/p><p>Sus datos personales pueden ser transferidos y tratados dentro del pa\u00eds, con las siguientes personas, empresas, organizaciones y autoridades distintas a nosotros tales como Instituto Mexicano del Seguro Social (IMSS), Instituto de Fondo Nacional de la Vivienda para los Trabajadores (INFONAVIT), Instituto del Fondo Nacional para el Consumo de los Trabajadores (INFONACOT), Instituciones Bancarias, Secretaria de Administraci\u00f3n Tributaria (SAT), Comisi\u00f3n Nacional del Sistema de Ahorro para el Retiro (CONSAR) Junta de Conciliaci\u00f3n y Arbitraje.<\/p><p>Si usted no manifiesta su negativa para dichas trasferencias, entenderemos que nos lo ha otorgado. Los datos personales \u00fanicamente podr\u00e1n ser transferidos a terceros distintos de los mencionados en el cuadro anterior mediante: (I) consentimiento expreso, (II) por resoluci\u00f3n u orden de autoridad judicial o administrativa y (III) cuando se trate de informaci\u00f3n personal que por disposici\u00f3n de un ley sea considerada p\u00fablica.<\/p><p>Gold Aeron\u00e1utica se asegurar\u00e1 a trav\u00e9s de la firma de convenios y\/o la adopci\u00f3n de otros documentos vinculantes, que dichos terceros mantengan medidas de seguridad, administrativas, t\u00e9cnicas y f\u00edsicas adecuadas para resguardar sus datos personales, as\u00ed como que dichos terceros \u00fanicamente utilicen sus datos personales para las finalidades para los cuales fueron recabados y de conformidad con el presente Aviso de Privacidad.<\/p><p>\u00bfC\u00f3mo puede acceder, rectificar, cancelar u oponerse al uso de sus datos personales o en su caso revocar su consentimiento?<\/p><p>Usted tiene derecho a conocer qu\u00e9 datos personales que tenemos de usted, para qu\u00e9 los utilizamos y las condiciones del uso que les damos (Acceso). Asimismo, es su derecho solicitar la correcci\u00f3n de su informaci\u00f3n personal en caso de que \u00e9sta se encuentre desactualizada, sea inexacta o incompleta (Rectificaci\u00f3n); que la eliminen de nuestros registros o bases de datos cuando considere que la misma no est\u00e1 siendo utilizada conforme a los principios, deberes y obligaciones previstas en la normativa (Cancelaci\u00f3n); as\u00ed como oponerse al uso de sus datos personales para fines espec\u00edficos (Oposici\u00f3n). Estos derechos se conocen como derechos ARCO.<\/p><p>Usted puede acceder, rectificar o cancelar sus datos personales, o bien oponerse o revocar el consentimiento para los usos de los mismos. Sin embargo, es importante que tenga en cuenta que no en todos los casos podremos atender su solicitud o concluir el uso de forma inmediata, ya que es posible que por alguna obligaci\u00f3n legal requiramos seguir tratando sus datos personales. Asimismo, usted deber\u00e1 considerar que para ciertos fines, la revocaci\u00f3n de su consentimiento implicar\u00e1 que no le podamos seguir prestando el servicio que nos solicit\u00f3, o la conclusi\u00f3n de la relaci\u00f3n con nosotros.\u00a0<\/p><p>Para el ejercicio de cualquiera de los derechos ARCO, los mecanismos que se han implementado son a trav\u00e9s de la presentaci\u00f3n de la solicitud respectiva a la direcci\u00f3n de correo electr\u00f3nico: feed@gaero.mx o por escrito a la siguiente direcci\u00f3n: Calle 31 Sur # 918, Col. La Paz, Puebla, Pue., C.P. 72160, Atenci\u00f3n \u2013 Protecci\u00f3n de Datos Personales.\u00a0<\/p><p>De conformidad con en el art\u00edculo 29 de la Ley Federal de Protecci\u00f3n de Datos Personales en Posesi\u00f3n de Particulares, la solicitud deber\u00e1 contener la informaci\u00f3n solicitada en todos los campos requeridos y marcados como obligatorios, entre los cuales se encuentra:<\/p><p>I. El nombre completo (nombre o nombres y apellidos), indicaci\u00f3n del correo electr\u00f3nico o direcci\u00f3n f\u00edsica que designe para notificaciones,\u00a0<\/p><p>II. Alg\u00fan n\u00famero telef\u00f3nico de contacto y la descripci\u00f3n clara y precisa de los datos personales sobre los cuales se hace ejercicio de los derechos ARCO,\u00a0<\/p><p>III. Adjuntando copia simple de su identificaci\u00f3n oficial, o en medios electr\u00f3nicos, versi\u00f3n digitalizada de la misma (escaneo).\u00a0<\/p><p>El plazo para atender su solicitud ser\u00e1 en un m\u00e1ximo de veinte d\u00edas h\u00e1biles contados a partir de la fecha de recepci\u00f3n de su solicitud de acceso, rectificaci\u00f3n, cancelaci\u00f3n u oposici\u00f3n, se le dar\u00e1 contestaci\u00f3n acerca de la procedencia de la misma por medio de correo electr\u00f3nico dirigido a su persona, enviado a la direcci\u00f3n de correo electr\u00f3nico que haya indicado en la propia solicitud o enviando carta al domicilio f\u00edsico que haya indicado a tales efectos (los veinte d\u00edas se dar\u00e1n por cumplidos al momento de entrega).<\/p><p>Modificaciones al Aviso de Privacidad.<\/p><p>El presente aviso de privacidad puede sufrir modificaciones, cambios o actualizaciones derivadas de nuevos requerimientos legales, de nuestras propias necesidades por los servicios que ofrecemos, de nuestra pr\u00e1ctica de privacidad, o por otras causas.<\/p><p>Le mantendremos informado sobre los cambios que pueda sufrir el presente aviso de privacidad, a trav\u00e9s de nuestra p\u00e1gina web.<\/p><p>Sin embargo, y a pesar de contar cada d\u00eda con herramientas m\u00e1s seguras, la protecci\u00f3n de los datos enviados a trav\u00e9s de Internet no se puede garantizar al 100%; por lo que una vez recibidos, se har\u00e1 todo lo posible por salvaguardar la informaci\u00f3n.\u00a0<\/p><p>Tratamiento indebido de sus datos personales.\u00a0<\/p><p>Si usted considera que su derecho de protecci\u00f3n de datos personales ha sido lesionado por alguna conducta de nuestros empleados o de nuestras actuaciones o respuestas, presume que en el tratamiento de sus datos personales existe alguna violaci\u00f3n a las disposiciones previstas en la Ley Federal de Protecci\u00f3n de Datos Personales en Posesi\u00f3n de los Particulares, podr\u00e1 interponer la queja o denuncia correspondiente ante el IFAI, para mayor informaci\u00f3n visite www.fai.org.mx<\/p>\t\t\t\t\t\t\t\t<\/div>\n\t\t\t\t<\/div>\n\t\t\t\t\t<\/div>\n\t\t<\/div>\n\t\t\t\t\t<\/div>\n\t\t<\/section>\n\t\t\t\t<\/div>\n\t\t","protected":false},"excerpt":{"rendered":"<p>AVISO DE PRIVACIDAD En cumplimiento a lo previsto en la Ley Federal de Protecci\u00f3n de Datos Personales en Posesi\u00f3n de los Particulares, nos permitimos informarle que en el sitio Web (www.gaero.mx)\u00a0 as\u00ed como en las cuentas personales que tiene Gold Aeron\u00e1utica, SA de CV en las redes sociales denominadas \u201cFacebook\u201d, \u201cTwitter\u201d, con domicilio en Calle 31 Sur 918 Col. La Paz, C.P. 72160, Puebla, Pue., nos comprometemos a proteger su privacidad. Este Aviso de Privacidad detalla la informaci\u00f3n que como cliente, proveedor y trabajador\u00a0 nos proporciona, c\u00f3mo la recabamos, lo que hacemos con ella y c\u00f3mo la protegemos. Forma de contacto. Puede contactarnos redactando un correo electr\u00f3nico: feed@gaero.mx o por escrito a la siguiente direcci\u00f3n: Calle 31 Sur # 918, Col. La Paz, Puebla, Pue. C.P. 72160 Atenci\u00f3n \u2013 Protecci\u00f3n de Datos Personales. \u00bfCon qu\u00e9 fines recabamos y utilizamos tus datos personales? Gold Aeron\u00e1utica, SA de CV est\u00e1 constantemente preocupado, por elevar la calidad en sus relaciones laborales y contractuales es responsable del manejo de datos personales proporcionados por sus trabajadores, clientes y proveedores, as\u00ed como el uso que se les d\u00e9 a los mismos, quien en ejercicio de este aviso entre otras cosas, manejar, compartir, almacenar, transferir y poner a disposici\u00f3n de autoridades o terceros dichos datos. As\u00ed mismo los datos recabados ser\u00e1n utilizados \u00fanica y exclusivamente, para la elaboraci\u00f3n de comprobantes fiscales, elaboraci\u00f3n de Contrato de Trabajo, para proveer los servicios solicitados, para efectuar transferencias, y as\u00ed mismo esta informaci\u00f3n sea enviada por e-mail. En caso de que no desee que sus datos personales sean tratados para estos fines puede limitar su uso enviando su solicitud a la direcci\u00f3n de correo electr\u00f3nico: feed@gaero.mx o por escrito a la siguiente direcci\u00f3n: Calle 31 Sur # 918, Col. La Paz, Puebla, Pue. C.P. 72160 Atenci\u00f3n \u2013 Protecci\u00f3n de Datos Personales. Datos personales recabados y medios de obtenci\u00f3n de los mismos. Los datos personales recabados con los fines previstos en el presente Aviso de Privacidad son obtenidos a trav\u00e9s de los siguientes canales: 1) P\u00e1gina Web de Gold Aeron\u00e1utica www.gaero.mx 2) P\u00e1gina de Gold Aeron\u00e1utica en la Red Social denominada Facebook. 3) Cuenta de Gold Aeron\u00e1utica en la Red Social denominada Twitter. Informaci\u00f3n que se recolecta Para llevar a cabo las finalidades descritas en el presente Aviso de Privacidad utilizaremos los siguientes datos personales: En el caso de nuestros trabajadores: \u2022 Nombre completo, Estado Civil, E-mail (Correo Electr\u00f3nico), Fecha de nacimiento (Acta de Nacimiento), Lugar de nacimiento, Edad, Nacionalidad, Domicilio (comprobante de domicilio recibos de luz, tel\u00e9fono o predial), Tel\u00e9fono particular, Tel\u00e9fono celular, Firma aut\u00f3grafa, Fotograf\u00eda, Cedula profesional, Certificado y constancias de estudios, certificados o constancias de dominio de idiomas, Cursos de capacitaci\u00f3n, Referencias laborales, Cuenta bancaria, Referencias Personales, Datos de contactos en caso de emergencia, Constancia de empleos anteriores, Cartas de recomendaci\u00f3n, Estado de residencia, Registro Federal de Contribuyentes (RFC), Clave \u00danica de Registro de Poblaci\u00f3n (CURP), Numero de seguridad Social, Escolaridad, Licencia Federal AFAC, Licencia ante FAA, pasaporte, visa, certificado m\u00e9dico de aviaci\u00f3n, Licencia de conducir, constancias laborales, cartas de recomendaci\u00f3n. Datos de nuestros clientes: Nombre o raz\u00f3n social de la empresa; Registro Federal de Contribuyentes; Domicilio fiscal; Correo electr\u00f3nico, Contactos. Datos de nuestros proveedores: Nombre o raz\u00f3n social; Registro Federal de Contribuyentes; Clabe interbancaria; N\u00famero de cuenta; Correo electr\u00f3nico, Contactos. Datos personales sensibles. Le informamos que para cumplir con las finalidades previstas en el presente aviso de privacidad, adem\u00e1s de los datos personales mencionados anteriormente, pueden ser recabados y tratados datos personales sensibles, tales como: condici\u00f3n f\u00edsica, estado de salud, discapacidad y documentos m\u00e9dicos, informaci\u00f3n bancaria, los cuales requieren especial protecci\u00f3n. Nos comprometemos a que los mismos ser\u00e1n tratados bajo las m\u00e1s estrictas medidas de seguridad que garanticen su confidencialidad. Limitaci\u00f3n al uso de tus datos personales. Usted puede limitar el uso de sus datos personales, enviando su solicitud a la direcci\u00f3n de correo electr\u00f3nico: feed@gaero.mx o por escrito a la siguiente direcci\u00f3n: Calle 31 Sur # 918, Col. La Paz, Puebla, Pue. C.P. 72160 Atenci\u00f3n \u2013 Protecci\u00f3n de Datos Personales. Transferencia de datos personales. Sus datos personales pueden ser transferidos y tratados dentro del pa\u00eds, con las siguientes personas, empresas, organizaciones y autoridades distintas a nosotros tales como Instituto Mexicano del Seguro Social (IMSS), Instituto de Fondo Nacional de la Vivienda para los Trabajadores (INFONAVIT), Instituto del Fondo Nacional para el Consumo de los Trabajadores (INFONACOT), Instituciones Bancarias, Secretaria de Administraci\u00f3n Tributaria (SAT), Comisi\u00f3n Nacional del Sistema de Ahorro para el Retiro (CONSAR) Junta de Conciliaci\u00f3n y Arbitraje. Si usted no manifiesta su negativa para dichas trasferencias, entenderemos que nos lo ha otorgado. Los datos personales \u00fanicamente podr\u00e1n ser transferidos a terceros distintos de los mencionados en el cuadro anterior mediante: (I) consentimiento expreso, (II) por resoluci\u00f3n u orden de autoridad judicial o administrativa y (III) cuando se trate de informaci\u00f3n personal que por disposici\u00f3n de un ley sea considerada p\u00fablica. Gold Aeron\u00e1utica se asegurar\u00e1 a trav\u00e9s de la firma de convenios y\/o la adopci\u00f3n de otros documentos vinculantes, que dichos terceros mantengan medidas de seguridad, administrativas, t\u00e9cnicas y f\u00edsicas adecuadas para resguardar sus datos personales, as\u00ed como que dichos terceros \u00fanicamente utilicen sus datos personales para las finalidades para los cuales fueron recabados y de conformidad con el presente Aviso de Privacidad. \u00bfC\u00f3mo puede acceder, rectificar, cancelar u oponerse al uso de sus datos personales o en su caso revocar su consentimiento? Usted tiene derecho a conocer qu\u00e9 datos personales que tenemos de usted, para qu\u00e9 los utilizamos y las condiciones del uso que les damos (Acceso). Asimismo, es su derecho solicitar la correcci\u00f3n de su informaci\u00f3n personal en caso de que \u00e9sta se encuentre desactualizada, sea inexacta o incompleta (Rectificaci\u00f3n); que la eliminen de nuestros registros o bases de datos cuando considere que la misma no est\u00e1 siendo utilizada conforme a los principios, deberes y obligaciones previstas en la normativa (Cancelaci\u00f3n); as\u00ed como oponerse al uso de sus datos personales para fines espec\u00edficos (Oposici\u00f3n). Estos derechos se conocen como derechos ARCO. Usted puede acceder, rectificar o cancelar sus datos personales, o bien oponerse o<\/p>\n","protected":false},"author":1,"featured_media":0,"parent":0,"menu_order":0,"comment_status":"closed","ping_status":"closed","template":"elementor_canvas","meta":{"footnotes":""},"class_list":["post-1534","page","type-page","status-publish","hentry"],"_links":{"self":[{"href":"https:\/\/gaero.mx\/es\/index.php\/wp-json\/wp\/v2\/pages\/1534","targetHints":{"allow":["GET"]}}],"collection":[{"href":"https:\/\/gaero.mx\/es\/index.php\/wp-json\/wp\/v2\/pages"}],"about":[{"href":"https:\/\/gaero.mx\/es\/index.php\/wp-json\/wp\/v2\/types\/page"}],"author":[{"embeddable":true,"href":"https:\/\/gaero.mx\/es\/index.php\/wp-json\/wp\/v2\/users\/1"}],"replies":[{"embeddable":true,"href":"https:\/\/gaero.mx\/es\/index.php\/wp-json\/wp\/v2\/comments?post=1534"}],"version-history":[{"count":27,"href":"https:\/\/gaero.mx\/es\/index.php\/wp-json\/wp\/v2\/pages\/1534\/revisions"}],"predecessor-version":[{"id":1846,"href":"https:\/\/gaero.mx\/es\/index.php\/wp-json\/wp\/v2\/pages\/1534\/revisions\/1846"}],"wp:attachment":[{"href":"https:\/\/gaero.mx\/es\/index.php\/wp-json\/wp\/v2\/media?parent=1534"}],"curies":[{"name":"wp","href":"https:\/\/api.w.org\/{rel}","templated":true}]}}